{"id":11815,"date":"2024-02-08T21:37:49","date_gmt":"2024-02-08T20:37:53","guid":{"rendered":"https:\/\/evinsights.co\/?post_type=product&#038;p=11815"},"modified":"2024-02-08T22:19:39","modified_gmt":"2024-02-08T21:19:39","slug":"recarga-privada","status":"publish","type":"product","link":"https:\/\/evinsights.co\/es\/product\/recarga-privada\/","title":{"rendered":"Recarga Privada"},"content":{"rendered":"[vc_row type=\u00bbin_container\u00bb full_screen_row_position=\u00bbmiddle\u00bb column_margin=\u00bbdefault\u00bb column_direction=\u00bbdefault\u00bb column_direction_tablet=\u00bbdefault\u00bb column_direction_phone=\u00bbdefault\u00bb scene_position=\u00bbcenter\u00bb text_color=\u00bbdark\u00bb text_align=\u00bbleft\u00bb row_border_radius=\u00bbnone\u00bb row_border_radius_applies=\u00bbbg\u00bb overflow=\u00bbvisible\u00bb overlay_strength=\u00bb0.3&#8243; gradient_direction=\u00bbleft_to_right\u00bb shape_divider_position=\u00bbbottom\u00bb bg_image_animation=\u00bbnone\u00bb][vc_column column_padding=\u00bbno-extra-padding\u00bb column_padding_tablet=\u00bbinherit\u00bb column_padding_phone=\u00bbinherit\u00bb column_padding_position=\u00bball\u00bb column_element_direction_desktop=\u00bbdefault\u00bb column_element_spacing=\u00bbdefault\u00bb desktop_text_alignment=\u00bbdefault\u00bb tablet_text_alignment=\u00bbdefault\u00bb phone_text_alignment=\u00bbdefault\u00bb background_color_opacity=\u00bb1&#8243; background_hover_color_opacity=\u00bb1&#8243; column_backdrop_filter=\u00bbnone\u00bb column_shadow=\u00bbnone\u00bb column_border_radius=\u00bbnone\u00bb column_link_target=\u00bb_self\u00bb column_position=\u00bbdefault\u00bb gradient_direction=\u00bbleft_to_right\u00bb overlay_strength=\u00bb0.3&#8243; width=\u00bb1\/6&#8243; tablet_width_inherit=\u00bbdefault\u00bb animation_type=\u00bbdefault\u00bb bg_image_animation=\u00bbnone\u00bb border_type=\u00bbsimple\u00bb column_border_width=\u00bbnone\u00bb column_border_style=\u00bbsolid\u00bb][\/vc_column][vc_column column_padding=\u00bbno-extra-padding\u00bb column_padding_tablet=\u00bbinherit\u00bb column_padding_phone=\u00bbinherit\u00bb column_padding_position=\u00bball\u00bb column_element_direction_desktop=\u00bbdefault\u00bb column_element_spacing=\u00bbdefault\u00bb desktop_text_alignment=\u00bbdefault\u00bb tablet_text_alignment=\u00bbdefault\u00bb phone_text_alignment=\u00bbdefault\u00bb background_color_opacity=\u00bb1&#8243; background_hover_color_opacity=\u00bb1&#8243; column_backdrop_filter=\u00bbnone\u00bb column_shadow=\u00bbnone\u00bb column_border_radius=\u00bbnone\u00bb column_link_target=\u00bb_self\u00bb column_position=\u00bbdefault\u00bb gradient_direction=\u00bbleft_to_right\u00bb overlay_strength=\u00bb0.3&#8243; width=\u00bb2\/3&#8243; tablet_width_inherit=\u00bbdefault\u00bb animation_type=\u00bbdefault\u00bb bg_image_animation=\u00bbnone\u00bb border_type=\u00bbsimple\u00bb column_border_width=\u00bbnone\u00bb column_border_style=\u00bbsolid\u00bb][heading]Preguntas frecuentes[\/heading][toggles style=\u00bbminimal\u00bb accordion=\u00bbtrue\u00bb accordion_starting_functionality=\u00bbdefault\u00bb][toggle color=\u00bbDefault\u00bb heading_tag=\u00bbdefault\u00bb heading_tag_functionality=\u00bbdefault\u00bb title=\u00bb\u00bfC\u00f3mo se selecciona a los encuestados?\u00bb][vc_column_text text_direction=\u00bbdefault\u00bb]\n<p data-pm-slice=\"1 1 []\">La contrataci\u00f3n se realiza a trav\u00e9s de m\u00faltiples canales, como asociaciones, foros de conductores, redes sociales o aplicaciones m\u00f3viles. Esta diversidad permite una amplia representaci\u00f3n de perfiles diferentes, as\u00ed como un panel de calidad.<\/p>\n[\/vc_column_text][\/toggle][toggle color=\u00bbDefault\u00bb heading_tag=\u00bbdefault\u00bb heading_tag_functionality=\u00bbdefault\u00bb title=\u00bb\u00bfCu\u00e1ndo se realizaron las encuestas?\u00bb][vc_column_text text_direction=\u00bbdefault\u00bb]\n<p data-pm-slice=\"1 1 []\">Para elaborar este informe se realizan anualmente miles de encuestas en l\u00ednea sobre diversos aspectos del conductor el\u00e9ctrico.<\/p>\n[\/vc_column_text][\/toggle][toggle color=\u00bbDefault\u00bb heading_tag=\u00bbdefault\u00bb heading_tag_functionality=\u00bbdefault\u00bb title=\u00bb\u00bfC\u00f3mo se garantiza la calidad de los datos?\u00bb][vc_column_text text_direction=\u00bbdefault\u00bb]Cada encuestado indica su c\u00f3digo postal para localizar geogr\u00e1ficamente sus pautas de comportamiento.[\/vc_column_text][\/toggle][toggle color=\u00bbDefault\u00bb heading_tag=\u00bbdefault\u00bb heading_tag_functionality=\u00bbdefault\u00bb title=\u00bb\u00bfCu\u00e1l es el uso pr\u00e1ctico del chatbot EV?\u00bb][vc_column_text text_direction=\u00bbdefault\u00bb]Reuniendo una vasta colecci\u00f3n de datos que se remontan a 2018, el chatbot EV involucra a los profesionales de la movilidad el\u00e9ctrica en un proceso de investigaci\u00f3n altamente escalable. A trav\u00e9s de sencillos chats, ayuda a los investigadores a comprender todo el panorama de la industria del veh\u00edculo el\u00e9ctrico, ayud\u00e1ndoles a tomar mejores decisiones para sus clientes. El Chatbot es personalizable y se actualiza peri\u00f3dicamente para garantizar la mejor experiencia.[\/vc_column_text][\/toggle][\/toggles][\/vc_column][vc_column column_padding=\u00bbno-extra-padding\u00bb column_padding_tablet=\u00bbinherit\u00bb column_padding_phone=\u00bbinherit\u00bb column_padding_position=\u00bball\u00bb column_element_direction_desktop=\u00bbdefault\u00bb column_element_spacing=\u00bbdefault\u00bb desktop_text_alignment=\u00bbdefault\u00bb tablet_text_alignment=\u00bbdefault\u00bb phone_text_alignment=\u00bbdefault\u00bb background_color_opacity=\u00bb1&#8243; background_hover_color_opacity=\u00bb1&#8243; column_backdrop_filter=\u00bbnone\u00bb column_shadow=\u00bbnone\u00bb column_border_radius=\u00bbnone\u00bb column_link_target=\u00bb_self\u00bb column_position=\u00bbdefault\u00bb gradient_direction=\u00bbleft_to_right\u00bb overlay_strength=\u00bb0.3&#8243; width=\u00bb1\/6&#8243; tablet_width_inherit=\u00bbdefault\u00bb animation_type=\u00bbdefault\u00bb bg_image_animation=\u00bbnone\u00bb border_type=\u00bbsimple\u00bb column_border_width=\u00bbnone\u00bb column_border_style=\u00bbsolid\u00bb][\/vc_column][\/vc_row]\n","protected":false},"excerpt":{"rendered":"<p>&#8211; Encuestas a conductores de coches el\u00e9ctricos<br \/>\n&#8211; Panel comunitario<br \/>\n&#8211; An\u00e1lisis de resultados PDF<br \/>\n&#8211; Gr\u00e1ficos e infograf\u00edas +80 visuales<br \/>\n&#8211; Soluci\u00f3n en la nube<br \/>\n&#8211; Acceso ilimitado de usuarios<br \/>\n&#8211; Asistencia de analistas cualificados<br \/>\n&#8211; Chatbot con IA para an\u00e1lisis din\u00e1micos<br \/>\n&#8211; Datos brutos<\/p>\n","protected":false},"featured_media":11808,"template":"","meta":[],"product_brand":[],"product_cat":[290],"product_tag":[297,298,288,331,321,296,329,328,295,299,330],"class_list":{"0":"post-11815","1":"product","2":"type-product","3":"status-publish","4":"has-post-thumbnail","6":"product_cat-energia","7":"product_tag-alemania","8":"product_tag-austria","9":"product_tag-espana","10":"product_tag-estados-unidos","11":"product_tag-francia","12":"product_tag-italia","13":"product_tag-noruega","14":"product_tag-paises-bajos","15":"product_tag-portugal","16":"product_tag-suiza","17":"product_tag-uk-es","19":"first","20":"instock","21":"purchasable","22":"product-type-variable"},"yoast_head":"<!-- This site is optimized with the Yoast SEO plugin v27.3 - https:\/\/yoast.com\/product\/yoast-seo-wordpress\/ -->\n<title>Recarga Privada | estudio de consumo para la movilidad el\u00e9ctrica<\/title>\n<meta name=\"description\" content=\"EV Insights cuenta con el mayor panel del mundo de conductores de coches el\u00e9ctricos para predecir en tiempo real las \u00faltimas tendencias con la ayuda de la Inteligencia Artificial.\" \/>\n<meta name=\"robots\" content=\"index, follow, max-snippet:-1, max-image-preview:large, max-video-preview:-1\" \/>\n<link rel=\"canonical\" href=\"https:\/\/evinsights.co\/es\/product\/recarga-privada\/\" \/>\n<meta property=\"og:locale\" content=\"es_ES\" \/>\n<meta property=\"og:type\" content=\"article\" \/>\n<meta property=\"og:title\" content=\"Recarga Privada | estudio de consumo para la movilidad el\u00e9ctrica\" \/>\n<meta property=\"og:description\" content=\"EV Insights cuenta con el mayor panel del mundo de conductores de coches el\u00e9ctricos para predecir en tiempo real las \u00faltimas tendencias con la ayuda de la Inteligencia Artificial.\" \/>\n<meta property=\"og:url\" content=\"https:\/\/evinsights.co\/es\/product\/recarga-privada\/\" \/>\n<meta property=\"og:site_name\" content=\"EV Insights\" \/>\n<meta property=\"article:publisher\" content=\"https:\/\/www.facebook.com\/AllMediaConsulting\/\" \/>\n<meta property=\"article:modified_time\" content=\"2024-02-08T21:19:39+00:00\" \/>\n<meta property=\"og:image\" content=\"https:\/\/evinsights.co\/wp-content\/uploads\/2024\/02\/Private-Charging_Demo_cover_esp.png\" \/>\n\t<meta property=\"og:image:width\" content=\"3072\" \/>\n\t<meta property=\"og:image:height\" content=\"1728\" \/>\n\t<meta property=\"og:image:type\" content=\"image\/png\" \/>\n<meta name=\"twitter:card\" content=\"summary_large_image\" \/>\n<meta name=\"twitter:site\" content=\"@allmediaconsul\" \/>\n<meta name=\"twitter:label1\" content=\"Tiempo de lectura\" \/>\n\t<meta name=\"twitter:data1\" content=\"2 minutos\" \/>\n<script type=\"application\/ld+json\" class=\"yoast-schema-graph\">{\"@context\":\"https:\\\/\\\/schema.org\",\"@graph\":[{\"@type\":\"WebPage\",\"@id\":\"https:\\\/\\\/evinsights.co\\\/es\\\/product\\\/recarga-privada\\\/\",\"url\":\"https:\\\/\\\/evinsights.co\\\/es\\\/product\\\/recarga-privada\\\/\",\"name\":\"Recarga Privada | estudio de consumo para la movilidad el\u00e9ctrica\",\"isPartOf\":{\"@id\":\"https:\\\/\\\/evinsights.co\\\/es\\\/#website\"},\"primaryImageOfPage\":{\"@id\":\"https:\\\/\\\/evinsights.co\\\/es\\\/product\\\/recarga-privada\\\/#primaryimage\"},\"image\":{\"@id\":\"https:\\\/\\\/evinsights.co\\\/es\\\/product\\\/recarga-privada\\\/#primaryimage\"},\"thumbnailUrl\":\"https:\\\/\\\/evinsights.co\\\/wp-content\\\/uploads\\\/2024\\\/02\\\/Private-Charging_Demo_cover_esp.png\",\"datePublished\":\"2024-02-08T20:37:53+00:00\",\"dateModified\":\"2024-02-08T21:19:39+00:00\",\"description\":\"EV Insights cuenta con el mayor panel del mundo de conductores de coches el\u00e9ctricos para predecir en tiempo real las \u00faltimas tendencias con la ayuda de la Inteligencia Artificial.\",\"breadcrumb\":{\"@id\":\"https:\\\/\\\/evinsights.co\\\/es\\\/product\\\/recarga-privada\\\/#breadcrumb\"},\"inLanguage\":\"es\",\"potentialAction\":[{\"@type\":\"ReadAction\",\"target\":[\"https:\\\/\\\/evinsights.co\\\/es\\\/product\\\/recarga-privada\\\/\"]}]},{\"@type\":\"ImageObject\",\"inLanguage\":\"es\",\"@id\":\"https:\\\/\\\/evinsights.co\\\/es\\\/product\\\/recarga-privada\\\/#primaryimage\",\"url\":\"https:\\\/\\\/evinsights.co\\\/wp-content\\\/uploads\\\/2024\\\/02\\\/Private-Charging_Demo_cover_esp.png\",\"contentUrl\":\"https:\\\/\\\/evinsights.co\\\/wp-content\\\/uploads\\\/2024\\\/02\\\/Private-Charging_Demo_cover_esp.png\",\"width\":3072,\"height\":1728},{\"@type\":\"BreadcrumbList\",\"@id\":\"https:\\\/\\\/evinsights.co\\\/es\\\/product\\\/recarga-privada\\\/#breadcrumb\",\"itemListElement\":[{\"@type\":\"ListItem\",\"position\":1,\"name\":\"Home\",\"item\":\"https:\\\/\\\/evinsights.co\\\/es\\\/\"},{\"@type\":\"ListItem\",\"position\":2,\"name\":\"Conocimiento\",\"item\":\"https:\\\/\\\/evinsights.co\\\/es\\\/reports\\\/\"},{\"@type\":\"ListItem\",\"position\":3,\"name\":\"Recarga Privada\"}]},{\"@type\":\"WebSite\",\"@id\":\"https:\\\/\\\/evinsights.co\\\/es\\\/#website\",\"url\":\"https:\\\/\\\/evinsights.co\\\/es\\\/\",\"name\":\"EV Insights\",\"description\":\"Market research for electric mobility\",\"potentialAction\":[{\"@type\":\"SearchAction\",\"target\":{\"@type\":\"EntryPoint\",\"urlTemplate\":\"https:\\\/\\\/evinsights.co\\\/es\\\/?s={search_term_string}\"},\"query-input\":{\"@type\":\"PropertyValueSpecification\",\"valueRequired\":true,\"valueName\":\"search_term_string\"}}],\"inLanguage\":\"es\"}]}<\/script>\n<!-- \/ Yoast SEO plugin. -->","yoast_head_json":{"title":"Recarga Privada | estudio de consumo para la movilidad el\u00e9ctrica","description":"EV Insights cuenta con el mayor panel del mundo de conductores de coches el\u00e9ctricos para predecir en tiempo real las \u00faltimas tendencias con la ayuda de la Inteligencia Artificial.","robots":{"index":"index","follow":"follow","max-snippet":"max-snippet:-1","max-image-preview":"max-image-preview:large","max-video-preview":"max-video-preview:-1"},"canonical":"https:\/\/evinsights.co\/es\/product\/recarga-privada\/","og_locale":"es_ES","og_type":"article","og_title":"Recarga Privada | estudio de consumo para la movilidad el\u00e9ctrica","og_description":"EV Insights cuenta con el mayor panel del mundo de conductores de coches el\u00e9ctricos para predecir en tiempo real las \u00faltimas tendencias con la ayuda de la Inteligencia Artificial.","og_url":"https:\/\/evinsights.co\/es\/product\/recarga-privada\/","og_site_name":"EV Insights","article_publisher":"https:\/\/www.facebook.com\/AllMediaConsulting\/","article_modified_time":"2024-02-08T21:19:39+00:00","og_image":[{"width":3072,"height":1728,"url":"https:\/\/evinsights.co\/wp-content\/uploads\/2024\/02\/Private-Charging_Demo_cover_esp.png","type":"image\/png"}],"twitter_card":"summary_large_image","twitter_site":"@allmediaconsul","twitter_misc":{"Tiempo de lectura":"2 minutos"},"schema":{"@context":"https:\/\/schema.org","@graph":[{"@type":"WebPage","@id":"https:\/\/evinsights.co\/es\/product\/recarga-privada\/","url":"https:\/\/evinsights.co\/es\/product\/recarga-privada\/","name":"Recarga Privada | estudio de consumo para la movilidad el\u00e9ctrica","isPartOf":{"@id":"https:\/\/evinsights.co\/es\/#website"},"primaryImageOfPage":{"@id":"https:\/\/evinsights.co\/es\/product\/recarga-privada\/#primaryimage"},"image":{"@id":"https:\/\/evinsights.co\/es\/product\/recarga-privada\/#primaryimage"},"thumbnailUrl":"https:\/\/evinsights.co\/wp-content\/uploads\/2024\/02\/Private-Charging_Demo_cover_esp.png","datePublished":"2024-02-08T20:37:53+00:00","dateModified":"2024-02-08T21:19:39+00:00","description":"EV Insights cuenta con el mayor panel del mundo de conductores de coches el\u00e9ctricos para predecir en tiempo real las \u00faltimas tendencias con la ayuda de la Inteligencia Artificial.","breadcrumb":{"@id":"https:\/\/evinsights.co\/es\/product\/recarga-privada\/#breadcrumb"},"inLanguage":"es","potentialAction":[{"@type":"ReadAction","target":["https:\/\/evinsights.co\/es\/product\/recarga-privada\/"]}]},{"@type":"ImageObject","inLanguage":"es","@id":"https:\/\/evinsights.co\/es\/product\/recarga-privada\/#primaryimage","url":"https:\/\/evinsights.co\/wp-content\/uploads\/2024\/02\/Private-Charging_Demo_cover_esp.png","contentUrl":"https:\/\/evinsights.co\/wp-content\/uploads\/2024\/02\/Private-Charging_Demo_cover_esp.png","width":3072,"height":1728},{"@type":"BreadcrumbList","@id":"https:\/\/evinsights.co\/es\/product\/recarga-privada\/#breadcrumb","itemListElement":[{"@type":"ListItem","position":1,"name":"Home","item":"https:\/\/evinsights.co\/es\/"},{"@type":"ListItem","position":2,"name":"Conocimiento","item":"https:\/\/evinsights.co\/es\/reports\/"},{"@type":"ListItem","position":3,"name":"Recarga Privada"}]},{"@type":"WebSite","@id":"https:\/\/evinsights.co\/es\/#website","url":"https:\/\/evinsights.co\/es\/","name":"EV Insights","description":"Market research for electric mobility","potentialAction":[{"@type":"SearchAction","target":{"@type":"EntryPoint","urlTemplate":"https:\/\/evinsights.co\/es\/?s={search_term_string}"},"query-input":{"@type":"PropertyValueSpecification","valueRequired":true,"valueName":"search_term_string"}}],"inLanguage":"es"}]}},"_links":{"self":[{"href":"https:\/\/evinsights.co\/es\/wp-json\/wp\/v2\/product\/11815","targetHints":{"allow":["GET"]}}],"collection":[{"href":"https:\/\/evinsights.co\/es\/wp-json\/wp\/v2\/product"}],"about":[{"href":"https:\/\/evinsights.co\/es\/wp-json\/wp\/v2\/types\/product"}],"wp:featuredmedia":[{"embeddable":true,"href":"https:\/\/evinsights.co\/es\/wp-json\/wp\/v2\/media\/11808"}],"wp:attachment":[{"href":"https:\/\/evinsights.co\/es\/wp-json\/wp\/v2\/media?parent=11815"}],"wp:term":[{"taxonomy":"product_brand","embeddable":true,"href":"https:\/\/evinsights.co\/es\/wp-json\/wp\/v2\/product_brand?post=11815"},{"taxonomy":"product_cat","embeddable":true,"href":"https:\/\/evinsights.co\/es\/wp-json\/wp\/v2\/product_cat?post=11815"},{"taxonomy":"product_tag","embeddable":true,"href":"https:\/\/evinsights.co\/es\/wp-json\/wp\/v2\/product_tag?post=11815"}],"curies":[{"name":"wp","href":"https:\/\/api.w.org\/{rel}","templated":true}]}}