{"id":6941,"date":"2016-02-12T18:45:21","date_gmt":"2016-02-12T17:45:21","guid":{"rendered":"http:\/\/149.202.43.237\/?page_id=6941"},"modified":"2023-03-16T11:29:05","modified_gmt":"2023-03-16T10:29:05","slug":"aviso-legal","status":"publish","type":"page","link":"https:\/\/evinsights.co\/es\/aviso-legal\/","title":{"rendered":"Aviso legal"},"content":{"rendered":"[vc_row type=\u00bbin_container\u00bb full_screen_row_position=\u00bbmiddle\u00bb column_margin=\u00bbdefault\u00bb column_direction=\u00bbdefault\u00bb column_direction_tablet=\u00bbdefault\u00bb column_direction_phone=\u00bbdefault\u00bb scene_position=\u00bbcenter\u00bb text_color=\u00bbdark\u00bb text_align=\u00bbleft\u00bb row_border_radius=\u00bbnone\u00bb row_border_radius_applies=\u00bbbg\u00bb overflow=\u00bbvisible\u00bb overlay_strength=\u00bb0.3&#8243; gradient_direction=\u00bbleft_to_right\u00bb shape_divider_position=\u00bbbottom\u00bb bg_image_animation=\u00bbnone\u00bb][vc_column column_padding=\u00bbno-extra-padding\u00bb column_padding_tablet=\u00bbinherit\u00bb column_padding_phone=\u00bbinherit\u00bb column_padding_position=\u00bball\u00bb column_element_spacing=\u00bbdefault\u00bb background_color_opacity=\u00bb1&#8243; background_hover_color_opacity=\u00bb1&#8243; column_shadow=\u00bbnone\u00bb column_border_radius=\u00bbnone\u00bb column_link_target=\u00bb_self\u00bb column_position=\u00bbdefault\u00bb gradient_direction=\u00bbleft_to_right\u00bb overlay_strength=\u00bb0.3&#8243; width=\u00bb1\/1&#8243; tablet_width_inherit=\u00bbdefault\u00bb tablet_text_alignment=\u00bbdefault\u00bb phone_text_alignment=\u00bbdefault\u00bb animation_type=\u00bbdefault\u00bb bg_image_animation=\u00bbnone\u00bb border_type=\u00bbsimple\u00bb column_border_width=\u00bbnone\u00bb column_border_style=\u00bbsolid\u00bb][vc_column_text css=\u00bb.vc_custom_1456420948972{padding-bottom: 25px !important;}\u00bb]\n<h3>Aviso legal<\/h3>\n[\/vc_column_text][vc_column_text]<strong>Compa\u00f1\u00eda:<\/strong> EV Insights O\u00dc<br \/>\n<strong>Domicilio: <\/strong>Ahtri 12, Tallinn, Estonia<br \/>\n<strong>CIF:<\/strong> EE102526576<br \/>\n<strong>e-Mail:<\/strong> admin@evinsights.co[\/vc_column_text][divider line_type=\u00bbFull Width Line\u00bb line_thickness=\u00bb1&#8243; divider_color=\u00bbdefault\u00bb custom_height=\u00bb40&#8243;][vc_column_text]\n<h4><strong>Objeto<\/strong><\/h4>\n<p>EV Insights O\u00dc, responsable del sitio web, pone a disposici\u00f3n de los usuarios el presente documento con el que pretende dar cumplimiento a las obligaciones dispuestas en la Ley 34\/2002, de Servicios de la Sociedad de la Informaci\u00f3n y del Comercio Electr\u00f3nico (LSSI-CE), as\u00ed como informar a todos los usuarios del sitio web respecto a cu\u00e1les son las condiciones de uso del sitio web.<\/p>\n<p>Toda persona que acceda a este sitio web asume el papel de usuario, comprometi\u00e9ndose a la observancia y cumplimiento riguroso de las disposiciones aqu\u00ed dispuestas, as\u00ed como a cualesquiera otra disposici\u00f3n legal que fuera de aplicaci\u00f3n.<\/p>\n<p>EV Insights O\u00dc se reserva el derecho a modificar cualquier tipo de informaci\u00f3n que pudiera aparecer en el sitio web, sin que exista obligaci\u00f3n de preavisar o poner en conocimiento de los usuarios dichas obligaciones, entendi\u00e9ndose como suficiente con la publicaci\u00f3n en el sitio web de EV Insights O\u00dc.[\/vc_column_text][divider line_type=\u00bbFull Width Line\u00bb line_thickness=\u00bb1&#8243; divider_color=\u00bbdefault\u00bb custom_height=\u00bb40&#8243;][vc_column_text]\n<h3>Cookies<\/h3>\n<p><strong>Responsabilidad<\/strong><\/p>\n<p>EV Insights O\u00dc se exime de cualquier tipo de responsabilidad derivada de la informaci\u00f3n publicada en su sitio web, siempre que esta informaci\u00f3n haya sido manipulada o introducida por un tercero ajeno al mismo.<\/p>\n<p>El sitio web de EV Insights O\u00dc puede utilizar cookies (peque\u00f1os archivos de informaci\u00f3n que el servidor env\u00eda al ordenador de quien accede a la p\u00e1gina) para llevar a cabo determinadas funciones que son consideradas imprescindibles para el correcto funcionamiento y visualizaci\u00f3n del sitio. Las cookies utilizadas en el sitio web tienen, en todo caso, car\u00e1cter temporal con la \u00fanica finalidad de hacer m\u00e1s eficaz su transmisi\u00f3n ulterior y desaparecen al terminar la sesi\u00f3n del usuario. En ning\u00fan caso se utilizar\u00e1n las cookies para recoger informaci\u00f3n de car\u00e1cter personal.<\/p>\n<p>Desde el sitio web del cliente es posible que se redirija a contenidos de terceros sitios web. Dado que EV Insights O\u00dc no puede controlar siempre los contenidos introducidos por los terceros en sus sitios web, \u00e9ste no asume ning\u00fan tipo de responsabilidad respecto a dichos contenidos. En todo caso, EV Insights O\u00dc manifiesta que proceder\u00e1 a la retirada inmediata de cualquier contenido que pudiera contravenir la legislaci\u00f3n nacional o internacional, la moral o el orden p\u00fablico, procediendo a la retirada inmediata de la redirecci\u00f3n a dicho sitio web, poniendo en conocimiento de las autoridades competentes el contenido en cuesti\u00f3n.<\/p>\n<p>EV Insights O\u00dc no se hace responsable de la informaci\u00f3n y contenidos almacenados, a t\u00edtulo enunciativo pero no limitativo, en foros, chats, generadores de blogs, comentarios, redes sociales o cualesquiera otro medio que permita a terceros publicar contenidos de forma independiente en la p\u00e1gina web de EV Insights O\u00dc. No obstante y en cumplimiento de lo dispuesto en el art. 11 y 16 de la LSSI-CE, EV Insights O\u00dc se pone a disposici\u00f3n de todos los usuarios, autoridades y fuerzas de seguridad, y colaborando de forma activa en la retirada o en su caso bloqueo de todos aquellos contenidos que pudieran afectar o contravenir la legislaci\u00f3n nacional, o internacional, derechos de terceros o la moral y el orden p\u00fablico. En caso de que el usuario considere que existe en el sitio web alg\u00fan contenido que pudiera ser susceptible de esta clasificaci\u00f3n, se ruega lo notifique de forma inmediata al administrador del sitio web.<\/p>\n<p>Este sitio web ha sido revisado y probado para que funcione correctamente. En principio, puede garantizarse el correcto funcionamiento los 365 d\u00edas del a\u00f1o, 24 horas al d\u00eda. No obstante, EV Insights O\u00dc no descarta la posibilidad de que existan ciertos errores de programaci\u00f3n, o que acontezcan causas de fuerza mayor, cat\u00e1strofes naturales, huelgas, o circunstancias semejantes que hagan imposible el acceso a la p\u00e1gina web.<\/p>\n<h3><\/h3>\n[\/vc_column_text][divider line_type=\u00bbFull Width Line\u00bb line_thickness=\u00bb1&#8243; divider_color=\u00bbdefault\u00bb custom_height=\u00bb40&#8243;][vc_column_text]\n<h3><strong>Privacidad<\/strong><\/h3>\n<p><strong>Protecci\u00f3n de datos personales<\/strong><\/p>\n<p>EV Insights O\u00dc se encuentra profundamente comprometido con el cumplimiento de la normativa espa\u00f1ola de protecci\u00f3n de datos de car\u00e1cter personal, y garantiza el cumplimiento \u00edntegro de las obligaciones dispuestas, as\u00ed como la implementaci\u00f3n de las medidas de seguridad dispuestas en el art. 9 de la Ley 15\/1999, de Protecci\u00f3n de Datos de Car\u00e1cter Personal (LOPD) y en el Reglamento de Desarrollo de la LOPD.<\/p>\n<p class=\"p2\">EV Insights O\u00dc informa a los usuarios del sitio web sobre su pol\u00edtica respecto del tratamiento y protecci\u00f3n de los datos de car\u00e1cter personal de los usuarios y clientes que puedan ser recabados por la navegaci\u00f3n o contrataci\u00f3n de servicios a trav\u00e9s de su sitio web.<\/p>\n<p class=\"p3\">En este sentido, EV Insights O\u00dc<b>\u00a0<\/b>garantiza el cumplimiento de la normativa vigente en materia de protecci\u00f3n de datos personales, reflejada en la Ley Org\u00e1nica 15\/1999 de 13 de diciembre, de Protecci\u00f3n de Datos de Car\u00e1cter Personal y en el Real Decreto 1720\/2007, de 21 diciembre, por el que se aprueba el Reglamento de Desarrollo de la LOPD.<\/p>\n<p class=\"p3\">El uso de esta web implica la aceptaci\u00f3n de esta pol\u00edtica de privacidad.<\/p>\n[\/vc_column_text][divider line_type=\u00bbFull Width Line\u00bb line_thickness=\u00bb1&#8243; divider_color=\u00bbdefault\u00bb custom_height=\u00bb40&#8243;][vc_column_text]\n<p class=\"p3\"><b>Recogida, finalidad y tratamientos de datos<\/b><\/p>\n<p class=\"p3\">EV Insights O\u00dc tiene el deber de informar a los usuarios de su sitio web acerca de la recogida de datos de car\u00e1cter personal que pueden llevarse a cabo, bien sea mediante el env\u00edo de correo electr\u00f3nico o al cumplimentar los formularios incluidos en el sitio web. En este sentido, EV Insights O\u00dc<b>\u00a0<\/b>ser\u00e1 considerada como responsable de los datos recabados mediante los medios anteriormente descritos.<\/p>\n<p class=\"p3\">A su vez EV Insights O\u00dc informa a los usuarios de que la finalidad del tratamiento de los datos recabados contempla: La atenci\u00f3n de solicitudes realizadas por los usuarios, la inclusi\u00f3n en la agenda de contactos, la prestaci\u00f3n de servicios, la gesti\u00f3n de la relaci\u00f3n comercial y el env\u00edo de comunicados propios de EV Insights O\u00dc y de sus clientes.<\/p>\n<p class=\"p3\">Las operaciones, gestiones y procedimientos t\u00e9cnicos que se realicen de forma automatizada o no automatizada y que posibiliten la recogida, el almacenamiento, la modificaci\u00f3n, la transferencia y otras acciones sobre datos de car\u00e1cter personal, tienen la consideraci\u00f3n de tratamiento de datos personales.<\/p>\n<p class=\"p3\">Todos los datos personales, que sean recogidos a trav\u00e9s del sitio web de EV Insights O\u00dc, y por tanto tenga la consideraci\u00f3n de tratamiento de datos de car\u00e1cter personal, ser\u00e1n incorporados en los ficheros declarados por EV Insights O\u00dc.<\/p>\n[\/vc_column_text][divider line_type=\u00bbFull Width Line\u00bb line_thickness=\u00bb1&#8243; divider_color=\u00bbdefault\u00bb custom_height=\u00bb40&#8243;][vc_column_text]\n<p class=\"p3\"><b>Comunicaci\u00f3n de informaci\u00f3n a terceros <\/b><\/p>\n<p class=\"p3\">EV Insights O\u00dc informa a los usuarios de que sus datos personales no ser\u00e1n cedidos a terceras organizaciones, con la salvedad de que dicha cesi\u00f3n de datos este amparada en una obligaci\u00f3n legal o cuando la prestaci\u00f3n de un servicio implique la necesidad de una relaci\u00f3n contractual con un encargado de tratamiento. En este \u00faltimo caso, solo se llevar\u00e1 a cabo la cesi\u00f3n de datos al tercero cuando EV Insights O\u00dc<b>\u00a0<\/b>disponga del consentimiento expreso del usuario.<\/p>\n[\/vc_column_text][divider line_type=\u00bbFull Width Line\u00bb line_thickness=\u00bb1&#8243; divider_color=\u00bbdefault\u00bb custom_height=\u00bb40&#8243;][vc_column_text]\n<p class=\"p3\"><b>Derechos de los usuarios <\/b><\/p>\n<p class=\"p3\">La Ley Org\u00e1nica 15\/1999, de 13 de diciembre, de Protecci\u00f3n de Datos de Car\u00e1cter Personal concede a los interesados la posibilidad de ejercer una serie de derechos relacionados con el tratamiento de sus datos personales.<\/p>\n<p class=\"p3\">En tanto en cuanto los datos del usuario son objeto de tratamiento por parte de EV Insights O\u00dc. Los usuarios podr\u00e1n ejercer los derechos de acceso, rectificaci\u00f3n, cancelaci\u00f3n y oposici\u00f3n de acuerdo con lo previsto en la normativa legal vigente en materia de protecci\u00f3n de datos personales.<\/p>\n<p class=\"p3\">Para hacer uso del ejercicio de estos derechos, el usuario deber\u00e1 dirigirse mediante comunicaci\u00f3n escrita, aportando documentaci\u00f3n que acredite su identidad (DNI o pasaporte), a EV Insights O\u00dc.<b>\u00a0<\/b>Dicha comunicaci\u00f3n deber\u00e1 reflejar la siguiente informaci\u00f3n: Nombre y apellidos del usuario, la petici\u00f3n de solicitud, el domicilio y los datos acreditativos.<\/p>\n<p class=\"p3\">El ejercicio de derechos deber\u00e1 ser realizado por el propio usuario. No obstante, podr\u00e1n ser ejecutados por una persona autorizada como representante legal del autorizado. En tal caso, se deber\u00e1 aportar la documentaci\u00f3n que acredite esta representaci\u00f3n del interesado.<\/p>\n[\/vc_column_text][divider line_type=\u00bbFull Width Line\u00bb line_thickness=\u00bb1&#8243; divider_color=\u00bbdefault\u00bb custom_height=\u00bb40&#8243;][vc_column_text]\n<h3 class=\"p3\">Propiedad intelectual<\/h3>\n<p><strong>Propiedad intelectual e industrial<\/strong><\/p>\n<p>El sitio web, incluyendo a t\u00edtulo enunciativo pero no limitativo su programaci\u00f3n, edici\u00f3n, compilaci\u00f3n y dem\u00e1s elementos necesarios para su funcionamiento, los dise\u00f1os, logotipos, texto y\/o gr\u00e1ficos son propiedad de EV Insights O\u00dc o en su caso dispone de licencia o autorizaci\u00f3n expresa por parte de los autores. Todos los contenidos del sitio web se encuentran debidamente protegidos por la normativa de propiedad intelectual e industrial, as\u00ed como inscritos en los registros p\u00fablicos correspondientes.<\/p>\n<p>Independientemente de la finalidad para la que fueran destinados, la reproducci\u00f3n total o parcial, uso, explotaci\u00f3n, distribuci\u00f3n y comercializaci\u00f3n, requiere en todo caso de la autorizaci\u00f3n escrita previa por parte de EV Insights O\u00dc. Cualquier uso no autorizado previamente por parte de EV Insights O\u00dc ser\u00e1 considerado un incumplimiento grave de los derechos de propiedad intelectual o industrial del autor.<\/p>\n<p>Los dise\u00f1os, logotipos, texto y\/o gr\u00e1ficos ajenos a EV Insights O\u00dc y que pudieran aparecer en el sitio web, pertenecen a sus respectivos propietarios, siendo ellos mismos responsables de cualquier posible controversia que pudiera suscitarse respecto a los mismos. En todo caso, EV Insights O\u00dc cuenta con la autorizaci\u00f3n expresa y previa por parte de los mismos.<\/p>\n<p>EV Insights O\u00dc autoriza expresamente a que terceros puedan redirigir directamente a los contenidos concretos del sitio web, debiendo en todo caso redirigir al sitio web principal de EV Insights O\u00dc.<\/p>\n<p>EV Insights O\u00dc reconoce a favor de sus titulares los correspondientes derechos de propiedad industrial e intelectual, no implicando su sola menci\u00f3n o aparici\u00f3n en el sitio web la existencia de derechos o responsabilidad alguna de EV Insights O\u00dc sobre los mismos, como tampoco respaldo, patrocinio o recomendaci\u00f3n por parte del mismo.<\/p>\n<p>Para realizar cualquier tipo de observaci\u00f3n respecto a posibles incumplimientos de los derechos de propiedad intelectual o industrial, as\u00ed como sobre cualquiera de los contenidos del sitio web, puede hacerlo a trav\u00e9s del siguiente correo electr\u00f3nico: admin@evinsights.co.[\/vc_column_text][divider line_type=\u00bbFull Width Line\u00bb line_thickness=\u00bb1&#8243; divider_color=\u00bbdefault\u00bb custom_height=\u00bb40&#8243;][vc_column_text]\n<p><strong>Ley aplicable y jurisdicci\u00f3n<\/strong><\/p>\n<p>Para la resoluci\u00f3n de todas las controversias o cuestiones relacionadas con el presente sitio web o de las actividades en \u00e9l desarrolladas, ser\u00e1 de aplicaci\u00f3n la legislaci\u00f3n espa\u00f1ola, a la que se someten expresamente las partes, siendo competentes para la resoluci\u00f3n de todos los conflictos derivados o relacionados con su uso los Juzgados y Tribunales de Tallinn.[\/vc_column_text][\/vc_column][\/vc_row]\n","protected":false},"excerpt":{"rendered":"<p>[vc_row type=\u00bbin_container\u00bb full_screen_row_position=\u00bbmiddle\u00bb column_margin=\u00bbdefault\u00bb column_direction=\u00bbdefault\u00bb column_direction_tablet=\u00bbdefault\u00bb column_direction_phone=\u00bbdefault\u00bb scene_position=\u00bbcenter\u00bb text_color=\u00bbdark\u00bb text_align=\u00bbleft\u00bb row_border_radius=\u00bbnone\u00bb row_border_radius_applies=\u00bbbg\u00bb overflow=\u00bbvisible\u00bb overlay_strength=\u00bb0.3&#8243; gradient_direction=\u00bbleft_to_right\u00bb shape_divider_position=\u00bbbottom\u00bb bg_image_animation=\u00bbnone\u00bb][vc_column column_padding=\u00bbno-extra-padding\u00bb column_padding_tablet=\u00bbinherit\u00bb column_padding_phone=\u00bbinherit\u00bb column_padding_position=\u00bball\u00bb column_element_spacing=\u00bbdefault\u00bb background_color_opacity=\u00bb1&#8243; background_hover_color_opacity=\u00bb1&#8243; column_shadow=\u00bbnone\u00bb&#8230;<\/p>\n","protected":false},"author":2,"featured_media":0,"parent":0,"menu_order":0,"comment_status":"closed","ping_status":"closed","template":"","meta":{"footnotes":""},"class_list":["post-6941","page","type-page","status-publish"],"yoast_head":"<!-- This site is optimized with the Yoast SEO plugin v27.3 - https:\/\/yoast.com\/product\/yoast-seo-wordpress\/ -->\n<title>Aviso legal<\/title>\n<meta name=\"description\" content=\"Primera empresa europea de investigaci\u00f3n de mercado dedicada a la movilidad el\u00e9ctrica.\" \/>\n<meta name=\"robots\" content=\"index, nofollow, max-snippet:-1, max-image-preview:large, max-video-preview:-1\" \/>\n<link rel=\"canonical\" href=\"https:\/\/evinsights.co\/es\/aviso-legal\/\" \/>\n<meta property=\"og:locale\" content=\"es_ES\" \/>\n<meta property=\"og:type\" content=\"article\" \/>\n<meta property=\"og:title\" content=\"Aviso legal - All Media Consulting\" \/>\n<meta property=\"og:description\" content=\"All Media Consulting es la primera agencia de marketing europea especializada en movilidad el\u00e9ctrica desde 2016. As\u00ed ofrece un enfoque innovador para potenciar la visibilidad de cualquier proyecto, servicio o producto del sector.\" \/>\n<meta property=\"og:url\" content=\"https:\/\/evinsights.co\/es\/aviso-legal\/\" \/>\n<meta property=\"og:site_name\" content=\"EV Insights\" \/>\n<meta property=\"article:publisher\" content=\"https:\/\/www.facebook.com\/AllMediaConsulting\/\" \/>\n<meta property=\"article:modified_time\" content=\"2023-03-16T10:29:05+00:00\" \/>\n<meta name=\"twitter:card\" content=\"summary_large_image\" \/>\n<meta name=\"twitter:title\" content=\"Aviso legal - All Media Consulting\" \/>\n<meta name=\"twitter:description\" content=\"All Media Consulting es la primera agencia de marketing europea especializada en movilidad el\u00e9ctrica desde 2016. As\u00ed ofrece un enfoque innovador para potenciar la visibilidad de cualquier proyecto, servicio o producto del sector.\" \/>\n<meta name=\"twitter:image\" content=\"http:\/\/149.202.43.237\/wp-content\/uploads\/2015\/12\/Twitter_All_Media_Consulting.png\" \/>\n<meta name=\"twitter:site\" content=\"@allmediaconsul\" \/>\n<meta name=\"twitter:label1\" content=\"Tiempo de lectura\" \/>\n\t<meta name=\"twitter:data1\" content=\"8 minutos\" \/>\n<script type=\"application\/ld+json\" class=\"yoast-schema-graph\">{\"@context\":\"https:\\\/\\\/schema.org\",\"@graph\":[{\"@type\":\"WebPage\",\"@id\":\"https:\\\/\\\/evinsights.co\\\/es\\\/aviso-legal\\\/\",\"url\":\"https:\\\/\\\/evinsights.co\\\/es\\\/aviso-legal\\\/\",\"name\":\"Aviso legal\",\"isPartOf\":{\"@id\":\"https:\\\/\\\/evinsights.co\\\/es\\\/#website\"},\"datePublished\":\"2016-02-12T17:45:21+00:00\",\"dateModified\":\"2023-03-16T10:29:05+00:00\",\"description\":\"Primera empresa europea de investigaci\u00f3n de mercado dedicada a la movilidad el\u00e9ctrica.\",\"breadcrumb\":{\"@id\":\"https:\\\/\\\/evinsights.co\\\/es\\\/aviso-legal\\\/#breadcrumb\"},\"inLanguage\":\"es\",\"potentialAction\":[{\"@type\":\"ReadAction\",\"target\":[\"https:\\\/\\\/evinsights.co\\\/es\\\/aviso-legal\\\/\"]}]},{\"@type\":\"BreadcrumbList\",\"@id\":\"https:\\\/\\\/evinsights.co\\\/es\\\/aviso-legal\\\/#breadcrumb\",\"itemListElement\":[{\"@type\":\"ListItem\",\"position\":1,\"name\":\"Home\",\"item\":\"https:\\\/\\\/evinsights.co\\\/es\\\/\"},{\"@type\":\"ListItem\",\"position\":2,\"name\":\"Aviso legal\"}]},{\"@type\":\"WebSite\",\"@id\":\"https:\\\/\\\/evinsights.co\\\/es\\\/#website\",\"url\":\"https:\\\/\\\/evinsights.co\\\/es\\\/\",\"name\":\"EV Insights\",\"description\":\"Market research for electric mobility\",\"potentialAction\":[{\"@type\":\"SearchAction\",\"target\":{\"@type\":\"EntryPoint\",\"urlTemplate\":\"https:\\\/\\\/evinsights.co\\\/es\\\/?s={search_term_string}\"},\"query-input\":{\"@type\":\"PropertyValueSpecification\",\"valueRequired\":true,\"valueName\":\"search_term_string\"}}],\"inLanguage\":\"es\"}]}<\/script>\n<!-- \/ Yoast SEO plugin. -->","yoast_head_json":{"title":"Aviso legal","description":"Primera empresa europea de investigaci\u00f3n de mercado dedicada a la movilidad el\u00e9ctrica.","robots":{"index":"index","follow":"nofollow","max-snippet":"max-snippet:-1","max-image-preview":"max-image-preview:large","max-video-preview":"max-video-preview:-1"},"canonical":"https:\/\/evinsights.co\/es\/aviso-legal\/","og_locale":"es_ES","og_type":"article","og_title":"Aviso legal - All Media Consulting","og_description":"All Media Consulting es la primera agencia de marketing europea especializada en movilidad el\u00e9ctrica desde 2016. As\u00ed ofrece un enfoque innovador para potenciar la visibilidad de cualquier proyecto, servicio o producto del sector.","og_url":"https:\/\/evinsights.co\/es\/aviso-legal\/","og_site_name":"EV Insights","article_publisher":"https:\/\/www.facebook.com\/AllMediaConsulting\/","article_modified_time":"2023-03-16T10:29:05+00:00","twitter_card":"summary_large_image","twitter_title":"Aviso legal - All Media Consulting","twitter_description":"All Media Consulting es la primera agencia de marketing europea especializada en movilidad el\u00e9ctrica desde 2016. As\u00ed ofrece un enfoque innovador para potenciar la visibilidad de cualquier proyecto, servicio o producto del sector.","twitter_image":"http:\/\/149.202.43.237\/wp-content\/uploads\/2015\/12\/Twitter_All_Media_Consulting.png","twitter_site":"@allmediaconsul","twitter_misc":{"Tiempo de lectura":"8 minutos"},"schema":{"@context":"https:\/\/schema.org","@graph":[{"@type":"WebPage","@id":"https:\/\/evinsights.co\/es\/aviso-legal\/","url":"https:\/\/evinsights.co\/es\/aviso-legal\/","name":"Aviso legal","isPartOf":{"@id":"https:\/\/evinsights.co\/es\/#website"},"datePublished":"2016-02-12T17:45:21+00:00","dateModified":"2023-03-16T10:29:05+00:00","description":"Primera empresa europea de investigaci\u00f3n de mercado dedicada a la movilidad el\u00e9ctrica.","breadcrumb":{"@id":"https:\/\/evinsights.co\/es\/aviso-legal\/#breadcrumb"},"inLanguage":"es","potentialAction":[{"@type":"ReadAction","target":["https:\/\/evinsights.co\/es\/aviso-legal\/"]}]},{"@type":"BreadcrumbList","@id":"https:\/\/evinsights.co\/es\/aviso-legal\/#breadcrumb","itemListElement":[{"@type":"ListItem","position":1,"name":"Home","item":"https:\/\/evinsights.co\/es\/"},{"@type":"ListItem","position":2,"name":"Aviso legal"}]},{"@type":"WebSite","@id":"https:\/\/evinsights.co\/es\/#website","url":"https:\/\/evinsights.co\/es\/","name":"EV Insights","description":"Market research for electric mobility","potentialAction":[{"@type":"SearchAction","target":{"@type":"EntryPoint","urlTemplate":"https:\/\/evinsights.co\/es\/?s={search_term_string}"},"query-input":{"@type":"PropertyValueSpecification","valueRequired":true,"valueName":"search_term_string"}}],"inLanguage":"es"}]}},"_links":{"self":[{"href":"https:\/\/evinsights.co\/es\/wp-json\/wp\/v2\/pages\/6941","targetHints":{"allow":["GET"]}}],"collection":[{"href":"https:\/\/evinsights.co\/es\/wp-json\/wp\/v2\/pages"}],"about":[{"href":"https:\/\/evinsights.co\/es\/wp-json\/wp\/v2\/types\/page"}],"author":[{"embeddable":true,"href":"https:\/\/evinsights.co\/es\/wp-json\/wp\/v2\/users\/2"}],"replies":[{"embeddable":true,"href":"https:\/\/evinsights.co\/es\/wp-json\/wp\/v2\/comments?post=6941"}],"version-history":[{"count":13,"href":"https:\/\/evinsights.co\/es\/wp-json\/wp\/v2\/pages\/6941\/revisions"}],"predecessor-version":[{"id":6966,"href":"https:\/\/evinsights.co\/es\/wp-json\/wp\/v2\/pages\/6941\/revisions\/6966"}],"wp:attachment":[{"href":"https:\/\/evinsights.co\/es\/wp-json\/wp\/v2\/media?parent=6941"}],"curies":[{"name":"wp","href":"https:\/\/api.w.org\/{rel}","templated":true}]}}